{"id":680,"date":"2024-12-28T15:35:00","date_gmt":"2024-12-28T14:35:00","guid":{"rendered":"https:\/\/saint-gence-athle.fr\/?page_id=680"},"modified":"2026-02-01T15:57:16","modified_gmt":"2026-02-01T14:57:16","slug":"resultat-cross-du-31-janvier-2026","status":"publish","type":"page","link":"https:\/\/saint-gence-athle.fr\/index.php\/resultat-cross-du-31-janvier-2026\/","title":{"rendered":"Cross 2026"},"content":{"rendered":"\n<figure class=\"wp-block-image size-large\"><img loading=\"lazy\" decoding=\"async\" width=\"1024\" height=\"95\" src=\"http:\/\/saint-gence-athle.fr\/wp-content\/uploads\/2024\/12\/Bandeau-partenaire-1024x95.png\" alt=\"\" class=\"wp-image-723\" srcset=\"https:\/\/saint-gence-athle.fr\/wp-content\/uploads\/2024\/12\/Bandeau-partenaire-1024x95.png 1024w, https:\/\/saint-gence-athle.fr\/wp-content\/uploads\/2024\/12\/Bandeau-partenaire-300x28.png 300w, https:\/\/saint-gence-athle.fr\/wp-content\/uploads\/2024\/12\/Bandeau-partenaire-768x71.png 768w, https:\/\/saint-gence-athle.fr\/wp-content\/uploads\/2024\/12\/Bandeau-partenaire-1536x143.png 1536w, https:\/\/saint-gence-athle.fr\/wp-content\/uploads\/2024\/12\/Bandeau-partenaire-2048x190.png 2048w\" sizes=\"auto, (max-width: 1024px) 100vw, 1024px\" \/><\/figure>\n\n\n\n<p><\/p>\n\n\n\n<figure class=\"wp-block-table is-style-stripes\"><table class=\"has-vivid-red-color has-pale-cyan-blue-background-color has-text-color has-background has-link-color has-fixed-layout\"><tbody><tr><td class=\"has-text-align-center\" data-align=\"center\"><a href=\"https:\/\/saint-gence-athle.fr\/index.php\/resultat-cross-du-1er-fevrier-2025\/ea-m\/\" data-type=\"page\" data-id=\"699\"><\/a><a href=\"https:\/\/saint-gence-athle.fr\/index.php\/resultat-cross-du-1er-fevrier-2025\/ea-m\/\" data-type=\"page\" data-id=\"699\">lien r\u00e9sultats EA M<\/a><\/td><td class=\"has-text-align-center\" data-align=\"center\"><a href=\"https:\/\/saint-gence-athle.fr\/index.php\/resultat-cross-du-1er-fevrier-2025\/eaf\/\" data-type=\"page\" data-id=\"704\">lien r\u00e9sultats EA F<\/a><\/td><\/tr><tr><td class=\"has-text-align-center\" data-align=\"center\"><a href=\"https:\/\/saint-gence-athle.fr\/index.php\/resultat-cross-du-1er-fevrier-2025\/po-m\/\" data-type=\"page\" data-id=\"766\">lien r\u00e9sultats PO M<\/a><\/td><td class=\"has-text-align-center\" data-align=\"center\"><a href=\"https:\/\/saint-gence-athle.fr\/index.php\/resultat-cross-du-1er-fevrier-2025\/pof\/\" data-type=\"page\" data-id=\"768\">lien r\u00e9sultats POF<\/a><\/td><\/tr><tr><td class=\"has-text-align-center\" data-align=\"center\"><a href=\"https:\/\/saint-gence-athle.fr\/index.php\/resultat-cross-du-1er-fevrier-2025\/be-m\/\" data-type=\"page\" data-id=\"770\">lien r\u00e9sultats BE M<\/a><\/td><td class=\"has-text-align-center\" data-align=\"center\"><a href=\"https:\/\/saint-gence-athle.fr\/index.php\/resultat-cross-du-1er-fevrier-2025\/be-f\/\" data-type=\"page\" data-id=\"772\">lien r\u00e9sultats BE F<\/a><\/td><\/tr><tr><td class=\"has-text-align-center\" data-align=\"center\"><a href=\"https:\/\/saint-gence-athle.fr\/index.php\/resultat-cross-du-1er-fevrier-2025\/mi-m\/\" data-type=\"page\" data-id=\"774\">lien r\u00e9sultats MI M<\/a><\/td><td class=\"has-text-align-center\" data-align=\"center\"><a href=\"https:\/\/saint-gence-athle.fr\/index.php\/resultat-cross-du-1er-fevrier-2025\/mi-f\/\" data-type=\"page\" data-id=\"776\">lien r\u00e9sultats MI F<\/a><\/td><\/tr><tr><td class=\"has-text-align-center\" data-align=\"center\"><a href=\"https:\/\/saint-gence-athle.fr\/index.php\/resultat-cross-du-1er-fevrier-2025\/ca-m\/\" data-type=\"page\" data-id=\"778\">lien r\u00e9sultats CA M<\/a><\/td><td class=\"has-text-align-center\" data-align=\"center\"><a href=\"https:\/\/saint-gence-athle.fr\/index.php\/resultat-cross-du-1er-fevrier-2025\/ca-f\/\" data-type=\"page\" data-id=\"780\">lien r\u00e9sultats CA F<\/a><\/td><\/tr><tr><td class=\"has-text-align-center\" data-align=\"center\"><a href=\"https:\/\/saint-gence-athle.fr\/index.php\/resultat-cross-du-1er-fevrier-2025\/ju-m\/\" data-type=\"page\" data-id=\"782\">lien r\u00e9sultats JU M<\/a><\/td><td class=\"has-text-align-center\" data-align=\"center\"><a href=\"https:\/\/saint-gence-athle.fr\/index.php\/resultat-cross-du-1er-fevrier-2025\/ju-f\/\" data-type=\"page\" data-id=\"784\">lien r\u00e9sultats JU F<\/a><\/td><\/tr><tr><td class=\"has-text-align-center\" data-align=\"center\"><a href=\"https:\/\/saint-gence-athle.fr\/index.php\/resultat-cross-du-1er-fevrier-2025\/es-s-ma-m\/\" data-type=\"page\" data-id=\"786\">lien r\u00e9sultats ES\/S\/MA M<\/a><\/td><td class=\"has-text-align-center\" data-align=\"center\"><a href=\"https:\/\/saint-gence-athle.fr\/index.php\/resultat-cross-du-1er-fevrier-2025\/es-s-ma-f\/\" data-type=\"page\" data-id=\"788\">lien r\u00e9sultats ES\/S\/MA F<\/a><\/td><\/tr><\/tbody><\/table><\/figure>\n\n\n\n<p><\/p>\n","protected":false},"excerpt":{"rendered":"<p>lien r\u00e9sultats EA M lien r\u00e9sultats EA F lien r\u00e9sultats PO M lien r\u00e9sultats POF lien r\u00e9sultats BE M lien r\u00e9sultats BE F lien r\u00e9sultats MI M lien r\u00e9sultats MI F lien r\u00e9sultats CA M lien r\u00e9sultats CA F lien r\u00e9sultats JU M lien r\u00e9sultats JU F lien r\u00e9sultats ES\/S\/MA M lien r\u00e9sultats ES\/S\/MA F<\/p>\n","protected":false},"author":1,"featured_media":0,"parent":0,"menu_order":0,"comment_status":"closed","ping_status":"closed","template":"","meta":{"footnotes":""},"class_list":["post-680","page","type-page","status-publish","hentry"],"_links":{"self":[{"href":"https:\/\/saint-gence-athle.fr\/index.php\/wp-json\/wp\/v2\/pages\/680","targetHints":{"allow":["GET"]}}],"collection":[{"href":"https:\/\/saint-gence-athle.fr\/index.php\/wp-json\/wp\/v2\/pages"}],"about":[{"href":"https:\/\/saint-gence-athle.fr\/index.php\/wp-json\/wp\/v2\/types\/page"}],"author":[{"embeddable":true,"href":"https:\/\/saint-gence-athle.fr\/index.php\/wp-json\/wp\/v2\/users\/1"}],"replies":[{"embeddable":true,"href":"https:\/\/saint-gence-athle.fr\/index.php\/wp-json\/wp\/v2\/comments?post=680"}],"version-history":[{"count":19,"href":"https:\/\/saint-gence-athle.fr\/index.php\/wp-json\/wp\/v2\/pages\/680\/revisions"}],"predecessor-version":[{"id":965,"href":"https:\/\/saint-gence-athle.fr\/index.php\/wp-json\/wp\/v2\/pages\/680\/revisions\/965"}],"wp:attachment":[{"href":"https:\/\/saint-gence-athle.fr\/index.php\/wp-json\/wp\/v2\/media?parent=680"}],"curies":[{"name":"wp","href":"https:\/\/api.w.org\/{rel}","templated":true}]}}