{"id":403,"date":"2023-08-15T10:10:12","date_gmt":"2023-08-15T08:10:12","guid":{"rendered":"http:\/\/saint-gence-athle.fr\/?page_id=403"},"modified":"2024-12-31T11:03:16","modified_gmt":"2024-12-31T10:03:16","slug":"contact","status":"publish","type":"page","link":"https:\/\/saint-gence-athle.fr\/index.php\/contact\/","title":{"rendered":"Contact"},"content":{"rendered":"\n<p>e-mail: <a href=\"mailto:saint-gence-athle@gmail.com\">saintgenceathle@gmail.com<\/a><\/p>\n\n\n\n<p>Pr\u00e9sident: LAURIERE Jo\u00ebl 06 24 13 13 76<\/p>\n\n\n\n<p>Secr\u00e9taire: BERTRAND Virginie<\/p>\n\n\n\n<p>Tr\u00e9sori\u00e8re: CUISINIER St\u00e9phanie<\/p>\n","protected":false},"excerpt":{"rendered":"<p>e-mail: saintgenceathle@gmail.com Pr\u00e9sident: LAURIERE Jo\u00ebl 06 24 13 13 76 Secr\u00e9taire: BERTRAND Virginie Tr\u00e9sori\u00e8re: CUISINIER St\u00e9phanie<\/p>\n","protected":false},"author":1,"featured_media":0,"parent":0,"menu_order":0,"comment_status":"closed","ping_status":"closed","template":"","meta":{"footnotes":""},"class_list":["post-403","page","type-page","status-publish","hentry"],"_links":{"self":[{"href":"https:\/\/saint-gence-athle.fr\/index.php\/wp-json\/wp\/v2\/pages\/403","targetHints":{"allow":["GET"]}}],"collection":[{"href":"https:\/\/saint-gence-athle.fr\/index.php\/wp-json\/wp\/v2\/pages"}],"about":[{"href":"https:\/\/saint-gence-athle.fr\/index.php\/wp-json\/wp\/v2\/types\/page"}],"author":[{"embeddable":true,"href":"https:\/\/saint-gence-athle.fr\/index.php\/wp-json\/wp\/v2\/users\/1"}],"replies":[{"embeddable":true,"href":"https:\/\/saint-gence-athle.fr\/index.php\/wp-json\/wp\/v2\/comments?post=403"}],"version-history":[{"count":3,"href":"https:\/\/saint-gence-athle.fr\/index.php\/wp-json\/wp\/v2\/pages\/403\/revisions"}],"predecessor-version":[{"id":828,"href":"https:\/\/saint-gence-athle.fr\/index.php\/wp-json\/wp\/v2\/pages\/403\/revisions\/828"}],"wp:attachment":[{"href":"https:\/\/saint-gence-athle.fr\/index.php\/wp-json\/wp\/v2\/media?parent=403"}],"curies":[{"name":"wp","href":"https:\/\/api.w.org\/{rel}","templated":true}]}}